{"id":87,"date":"2024-05-24T16:12:15","date_gmt":"2024-05-24T14:12:15","guid":{"rendered":"http:\/\/pizzato.cluster023.hosting.ovh.net\/index.php\/our-menu\/pasta\/"},"modified":"2024-05-27T09:49:15","modified_gmt":"2024-05-27T07:49:15","slug":"pasta","status":"publish","type":"page","link":"http:\/\/pizzato.cluster023.hosting.ovh.net\/index.php\/our-menu\/pasta\/","title":{"rendered":"Nos P\u00e2tes"},"content":{"rendered":"<article id=\"post-262\" class=\"wppizza-article wppizza-article-responsive  wppizza-article-first wppizza-article-pates wppizza-article-pates-6 wppizza_menu-pates wppizza_menu-term-6 entry-content post-262 wppizza type-wppizza status-publish hentry\"><h2 id=\"wppizza-article-1-6-262-0-0\" class=\"wppizza-article-h2\"><span class=\"wppizza-article-title\">P\u00e2te \u00e0 la carbonara<\/span><\/h2><div id=\"wppizza-article-sizes-262\" class=\"wppizza-article-sizes wppizza-article-prices-0\"><ul><li id=\"wppizza-article-prices-262\" class=\"wppizza-article-prices\" ><ul><li id=\"wppizza-1-6-262-0-0\" class=\"wppizza-article-price wppizza-article-price-0-0 wppizza-price-262-0 wppizza-add-to-cart\"  title=\"Add to cart\"  data-id=\"1.6.262.0.0\" ><span class=\"\">8,00<\/span><div class=\"wppizza-article-size\">regular<\/div><\/li><\/ul><\/li><li class=\"wppizza-article-price-currency wppizza-article-price-left\">\u20ac<\/li><\/ul><\/div><p id=\"wppizza-article-content-262\" class=\"wppizza-article-content\"><img fetchpriority=\"high\" decoding=\"async\" class=\"alignnone size-medium wp-image-117\" src=\"http:\/\/pizzato.cluster023.hosting.ovh.net\/wp-content\/uploads\/2024\/05\/Pates-carbonara-300x300.jpg\" alt=\"\" width=\"300\" height=\"300\" srcset=\"http:\/\/pizzato.cluster023.hosting.ovh.net\/wp-content\/uploads\/2024\/05\/Pates-carbonara-300x300.jpg 300w, http:\/\/pizzato.cluster023.hosting.ovh.net\/wp-content\/uploads\/2024\/05\/Pates-carbonara-100x100.jpg 100w, http:\/\/pizzato.cluster023.hosting.ovh.net\/wp-content\/uploads\/2024\/05\/Pates-carbonara-600x600.jpg 600w, http:\/\/pizzato.cluster023.hosting.ovh.net\/wp-content\/uploads\/2024\/05\/Pates-carbonara-150x150.jpg 150w, http:\/\/pizzato.cluster023.hosting.ovh.net\/wp-content\/uploads\/2024\/05\/Pates-carbonara.jpg 768w\" sizes=\"(max-width: 300px) 100vw, 300px\" \/><\/p><\/article><article id=\"post-281\" class=\"wppizza-article wppizza-article-responsive  wppizza-article-pates wppizza-article-pates-6 wppizza_menu-pates wppizza_menu-term-6 entry-content post-281 wppizza type-wppizza status-publish hentry\"><h2 id=\"wppizza-article-1-6-281-0-0\" class=\"wppizza-article-h2\"><span class=\"wppizza-article-title\">P\u00e2tes au poulet au curry<\/span><\/h2><div id=\"wppizza-article-sizes-281\" class=\"wppizza-article-sizes wppizza-article-prices-0\"><ul><li id=\"wppizza-article-prices-281\" class=\"wppizza-article-prices\" ><ul><li id=\"wppizza-1-6-281-0-0\" class=\"wppizza-article-price wppizza-article-price-0-0 wppizza-price-281-0 wppizza-add-to-cart\"  title=\"Add to cart\"  data-id=\"1.6.281.0.0\" ><span class=\"\">9,50<\/span><div class=\"wppizza-article-size\">regular<\/div><\/li><\/ul><\/li><li class=\"wppizza-article-price-currency wppizza-article-price-left\">\u20ac<\/li><\/ul><\/div><p id=\"wppizza-article-content-281\" class=\"wppizza-article-content\"><strong>\u00c9minc\u00e9s de poulet, champignons et sauce cr\u00e8me, curry et mozzarella<\/strong><\/p><\/article><article id=\"post-282\" class=\"wppizza-article wppizza-article-responsive  wppizza-article-pates wppizza-article-pates-6 wppizza_menu-pates wppizza_menu-term-6 entry-content post-282 wppizza type-wppizza status-publish hentry\"><h2 id=\"wppizza-article-1-6-282-0-0\" class=\"wppizza-article-h2\"><span class=\"wppizza-article-title\">P\u00e2tes aux 4 fromages<\/span><\/h2><div id=\"wppizza-article-sizes-282\" class=\"wppizza-article-sizes wppizza-article-prices-0\"><ul><li id=\"wppizza-article-prices-282\" class=\"wppizza-article-prices\" ><ul><li id=\"wppizza-1-6-282-0-0\" class=\"wppizza-article-price wppizza-article-price-0-0 wppizza-price-282-0 wppizza-add-to-cart\"  title=\"Add to cart\"  data-id=\"1.6.282.0.0\" ><span class=\"\">8,00<\/span><div class=\"wppizza-article-size\">regular<\/div><\/li><\/ul><\/li><li class=\"wppizza-article-price-currency wppizza-article-price-left\">\u20ac<\/li><\/ul><\/div><p id=\"wppizza-article-content-282\" class=\"wppizza-article-content\"><strong>Brie, ch\u00e8vre, parmesan et mozzarella<\/strong><\/p><\/article><article id=\"post-283\" class=\"wppizza-article wppizza-article-responsive  wppizza-article-pates wppizza-article-pates-6 wppizza_menu-pates wppizza_menu-term-6 entry-content post-283 wppizza type-wppizza status-publish hentry\"><h2 id=\"wppizza-article-1-6-283-0-0\" class=\"wppizza-article-h2\"><span class=\"wppizza-article-title\">P\u00e2tes \u00e0 la bolognaise<\/span><\/h2><div id=\"wppizza-article-sizes-283\" class=\"wppizza-article-sizes wppizza-article-prices-0\"><ul><li id=\"wppizza-article-prices-283\" class=\"wppizza-article-prices\" ><ul><li id=\"wppizza-1-6-283-0-0\" class=\"wppizza-article-price wppizza-article-price-0-0 wppizza-price-283-0 wppizza-add-to-cart\"  title=\"Add to cart\"  data-id=\"1.6.283.0.0\" ><span class=\"\">8,00<\/span><div class=\"wppizza-article-size\">regular<\/div><\/li><\/ul><\/li><li class=\"wppizza-article-price-currency wppizza-article-price-left\">\u20ac<\/li><\/ul><\/div><p id=\"wppizza-article-content-283\" class=\"wppizza-article-content\"><strong>Sauce bolognaise avec viande hach\u00e9e<\/strong><\/p><\/article><article id=\"post-284\" class=\"wppizza-article wppizza-article-responsive  wppizza-article-pates wppizza-article-pates-6 wppizza_menu-pates wppizza_menu-term-6 entry-content post-284 wppizza type-wppizza status-publish hentry\"><h2 id=\"wppizza-article-1-6-284-0-0\" class=\"wppizza-article-h2\"><span class=\"wppizza-article-title\">Poulet Tandoori<\/span><\/h2><div id=\"wppizza-article-sizes-284\" class=\"wppizza-article-sizes wppizza-article-prices-0\"><ul><li id=\"wppizza-article-prices-284\" class=\"wppizza-article-prices\" ><ul><li id=\"wppizza-1-6-284-0-0\" class=\"wppizza-article-price wppizza-article-price-0-0 wppizza-price-284-0 wppizza-add-to-cart\"  title=\"Add to cart\"  data-id=\"1.6.284.0.0\" ><span class=\"\">9,50<\/span><div class=\"wppizza-article-size\">regular<\/div><\/li><\/ul><\/li><li class=\"wppizza-article-price-currency wppizza-article-price-left\">\u20ac<\/li><\/ul><\/div><p id=\"wppizza-article-content-284\" class=\"wppizza-article-content\"><strong>Cr\u00e8me, poulet, poivron, mozzarella, tandoori<\/strong><\/p><\/article><article id=\"post-285\" class=\"wppizza-article wppizza-article-responsive  wppizza-article-last wppizza-article-pates wppizza-article-pates-6 wppizza_menu-pates wppizza_menu-term-6 entry-content post-285 wppizza type-wppizza status-publish hentry\"><h2 id=\"wppizza-article-1-6-285-0-0\" class=\"wppizza-article-h2\"><span class=\"wppizza-article-title\">P\u00e2tes au saumon<\/span><\/h2><div id=\"wppizza-article-sizes-285\" class=\"wppizza-article-sizes wppizza-article-prices-0\"><ul><li id=\"wppizza-article-prices-285\" class=\"wppizza-article-prices\" ><ul><li id=\"wppizza-1-6-285-0-0\" class=\"wppizza-article-price wppizza-article-price-0-0 wppizza-price-285-0 wppizza-add-to-cart\"  title=\"Add to cart\"  data-id=\"1.6.285.0.0\" ><span class=\"\">9,50<\/span><div class=\"wppizza-article-size\">regular<\/div><\/li><\/ul><\/li><li class=\"wppizza-article-price-currency wppizza-article-price-left\">\u20ac<\/li><\/ul><\/div><p id=\"wppizza-article-content-285\" class=\"wppizza-article-content\"><strong>Sauce cr\u00e8me, saumon et mozzarella\u00a0<\/strong><\/p><\/article>\n","protected":false},"excerpt":{"rendered":"","protected":false},"author":1,"featured_media":0,"parent":36,"menu_order":2,"comment_status":"closed","ping_status":"closed","template":"","meta":{"_regular_price":[],"currency_symbol":[],"_mbp_gutenberg_autopost":false,"footnotes":""},"class_list":["post-87","page","type-page","status-publish","hentry"],"post_slider_layout_featured_media_urls":{"thumbnail":"","post_slider_layout_landscape_large":"","post_slider_layout_portrait_large":"","post_slider_layout_square_large":"","post_slider_layout_landscape":"","post_slider_layout_portrait":"","post_slider_layout_square":"","full":""},"_links":{"self":[{"href":"http:\/\/pizzato.cluster023.hosting.ovh.net\/index.php\/wp-json\/wp\/v2\/pages\/87","targetHints":{"allow":["GET"]}}],"collection":[{"href":"http:\/\/pizzato.cluster023.hosting.ovh.net\/index.php\/wp-json\/wp\/v2\/pages"}],"about":[{"href":"http:\/\/pizzato.cluster023.hosting.ovh.net\/index.php\/wp-json\/wp\/v2\/types\/page"}],"author":[{"embeddable":true,"href":"http:\/\/pizzato.cluster023.hosting.ovh.net\/index.php\/wp-json\/wp\/v2\/users\/1"}],"replies":[{"embeddable":true,"href":"http:\/\/pizzato.cluster023.hosting.ovh.net\/index.php\/wp-json\/wp\/v2\/comments?post=87"}],"version-history":[{"count":2,"href":"http:\/\/pizzato.cluster023.hosting.ovh.net\/index.php\/wp-json\/wp\/v2\/pages\/87\/revisions"}],"predecessor-version":[{"id":261,"href":"http:\/\/pizzato.cluster023.hosting.ovh.net\/index.php\/wp-json\/wp\/v2\/pages\/87\/revisions\/261"}],"up":[{"embeddable":true,"href":"http:\/\/pizzato.cluster023.hosting.ovh.net\/index.php\/wp-json\/wp\/v2\/pages\/36"}],"wp:attachment":[{"href":"http:\/\/pizzato.cluster023.hosting.ovh.net\/index.php\/wp-json\/wp\/v2\/media?parent=87"}],"curies":[{"name":"wp","href":"https:\/\/api.w.org\/{rel}","templated":true}]}}