{"id":268,"date":"2024-05-27T10:05:07","date_gmt":"2024-05-27T08:05:07","guid":{"rendered":"http:\/\/pizzato.cluster023.hosting.ovh.net\/?page_id=268"},"modified":"2024-05-27T10:05:07","modified_gmt":"2024-05-27T08:05:07","slug":"nos-pizzas-savoureuses","status":"publish","type":"page","link":"http:\/\/pizzato.cluster023.hosting.ovh.net\/index.php\/our-menu\/nos-pizzas-savoureuses\/","title":{"rendered":"Nos pizzas savoureuses"},"content":{"rendered":"<article id=\"post-214\" class=\"wppizza-article wppizza-article-responsive  wppizza-article-first wppizza-article-nos-pizzas-savoureuses wppizza-article-nos-pizzas-savoureuses-13 wppizza_menu-nos-pizzas-savoureuses wppizza_menu-term-13 entry-content post-214 wppizza type-wppizza status-publish hentry\"><h2 id=\"wppizza-article-1-13-214-2-0\" class=\"wppizza-article-h2\"><span class=\"wppizza-article-title\">Pizza saumon Venezia<\/span><\/h2><div id=\"wppizza-article-sizes-214\" class=\"wppizza-article-sizes wppizza-article-prices-2\"><ul><li id=\"wppizza-article-prices-214\" class=\"wppizza-article-prices\" ><ul><li id=\"wppizza-1-13-214-2-0\" class=\"wppizza-article-price wppizza-article-price-2-0 wppizza-price-214-0 wppizza-add-to-cart\"  title=\"Add to cart\"  data-id=\"1.13.214.2.0\" ><span class=\"\">9,00<\/span><div class=\"wppizza-article-size\">small<\/div><\/li><li id=\"wppizza-1-13-214-2-1\" class=\"wppizza-article-price wppizza-article-price-2-1 wppizza-price-214-1 wppizza-add-to-cart\"  title=\"Add to cart\"  data-id=\"1.13.214.2.1\" ><span class=\"\">13,60<\/span><div class=\"wppizza-article-size\">medium<\/div><\/li><li id=\"wppizza-1-13-214-2-2\" class=\"wppizza-article-price wppizza-article-price-2-2 wppizza-price-214-2 wppizza-add-to-cart\"  title=\"Add to cart\"  data-id=\"1.13.214.2.2\" ><span class=\"\">18,40<\/span><div class=\"wppizza-article-size\">large<\/div><\/li><\/ul><\/li><li class=\"wppizza-article-price-currency wppizza-article-price-left\">\u20ac<\/li><\/ul><\/div><p id=\"wppizza-article-content-214\" class=\"wppizza-article-content\"><img fetchpriority=\"high\" decoding=\"async\" class=\"alignnone size-medium wp-image-348\" src=\"http:\/\/pizzato.cluster023.hosting.ovh.net\/wp-content\/uploads\/2024\/05\/VENIZIA-SAUMON-300x193.png\" alt=\"\" width=\"300\" height=\"193\" srcset=\"http:\/\/pizzato.cluster023.hosting.ovh.net\/wp-content\/uploads\/2024\/05\/VENIZIA-SAUMON-300x193.png 300w, http:\/\/pizzato.cluster023.hosting.ovh.net\/wp-content\/uploads\/2024\/05\/VENIZIA-SAUMON-600x386.png 600w, http:\/\/pizzato.cluster023.hosting.ovh.net\/wp-content\/uploads\/2024\/05\/VENIZIA-SAUMON-768x494.png 768w, http:\/\/pizzato.cluster023.hosting.ovh.net\/wp-content\/uploads\/2024\/05\/VENIZIA-SAUMON.png 846w\" sizes=\"(max-width: 300px) 100vw, 300px\" \/>\r\n\r\n&nbsp;\r\n\r\n<strong>Base cr\u00e8me fra\u00eeche, saumon fum\u00e9, oignons et pommes de terre.<\/strong><\/p><\/article><article id=\"post-215\" class=\"wppizza-article wppizza-article-responsive  wppizza-article-nos-pizzas-savoureuses wppizza-article-nos-pizzas-savoureuses-13 wppizza_menu-nos-pizzas-savoureuses wppizza_menu-term-13 entry-content post-215 wppizza type-wppizza status-publish hentry\"><h2 id=\"wppizza-article-1-13-215-2-0\" class=\"wppizza-article-h2\"><span class=\"wppizza-article-title\">Pizza Savoyarde<\/span><\/h2><div id=\"wppizza-article-sizes-215\" class=\"wppizza-article-sizes wppizza-article-prices-2\"><ul><li id=\"wppizza-article-prices-215\" class=\"wppizza-article-prices\" ><ul><li id=\"wppizza-1-13-215-2-0\" class=\"wppizza-article-price wppizza-article-price-2-0 wppizza-price-215-0 wppizza-add-to-cart\"  title=\"Add to cart\"  data-id=\"1.13.215.2.0\" ><span class=\"\">9,00<\/span><div class=\"wppizza-article-size\">small<\/div><\/li><li id=\"wppizza-1-13-215-2-1\" class=\"wppizza-article-price wppizza-article-price-2-1 wppizza-price-215-1 wppizza-add-to-cart\"  title=\"Add to cart\"  data-id=\"1.13.215.2.1\" ><span class=\"\">13,60<\/span><div class=\"wppizza-article-size\">medium<\/div><\/li><li id=\"wppizza-1-13-215-2-2\" class=\"wppizza-article-price wppizza-article-price-2-2 wppizza-price-215-2 wppizza-add-to-cart\"  title=\"Add to cart\"  data-id=\"1.13.215.2.2\" ><span class=\"\">18,40<\/span><div class=\"wppizza-article-size\">large<\/div><\/li><\/ul><\/li><li class=\"wppizza-article-price-currency wppizza-article-price-left\">\u20ac<\/li><\/ul><\/div><p id=\"wppizza-article-content-215\" class=\"wppizza-article-content\"><img decoding=\"async\" class=\"alignnone size-medium wp-image-344\" src=\"http:\/\/pizzato.cluster023.hosting.ovh.net\/wp-content\/uploads\/2024\/05\/Pizza-Savoyarde1-300x227.png\" alt=\"\" width=\"300\" height=\"227\" srcset=\"http:\/\/pizzato.cluster023.hosting.ovh.net\/wp-content\/uploads\/2024\/05\/Pizza-Savoyarde1-300x227.png 300w, http:\/\/pizzato.cluster023.hosting.ovh.net\/wp-content\/uploads\/2024\/05\/Pizza-Savoyarde1-600x454.png 600w, http:\/\/pizzato.cluster023.hosting.ovh.net\/wp-content\/uploads\/2024\/05\/Pizza-Savoyarde1-768x581.png 768w, http:\/\/pizzato.cluster023.hosting.ovh.net\/wp-content\/uploads\/2024\/05\/Pizza-Savoyarde1.png 1016w\" sizes=\"(max-width: 300px) 100vw, 300px\" \/><strong>\u00a0Base cr\u00e8me fra\u00eeche, mozzarella, lardons, oignons, pommes de terre et fromage raclette.<\/strong><\/p><\/article><article id=\"post-272\" class=\"wppizza-article wppizza-article-responsive  wppizza-article-nos-pizzas-savoureuses wppizza-article-nos-pizzas-savoureuses-13 wppizza_menu-nos-pizzas-savoureuses wppizza_menu-term-13 entry-content post-272 wppizza type-wppizza status-publish hentry\"><h2 id=\"wppizza-article-1-13-272-2-0\" class=\"wppizza-article-h2\"><span class=\"wppizza-article-title\">Pizza Biquette<\/span><\/h2><div id=\"wppizza-article-sizes-272\" class=\"wppizza-article-sizes wppizza-article-prices-2\"><ul><li id=\"wppizza-article-prices-272\" class=\"wppizza-article-prices\" ><ul><li id=\"wppizza-1-13-272-2-0\" class=\"wppizza-article-price wppizza-article-price-2-0 wppizza-price-272-0 wppizza-add-to-cart\"  title=\"Add to cart\"  data-id=\"1.13.272.2.0\" ><span class=\"\">9,00<\/span><div class=\"wppizza-article-size\">small<\/div><\/li><li id=\"wppizza-1-13-272-2-1\" class=\"wppizza-article-price wppizza-article-price-2-1 wppizza-price-272-1 wppizza-add-to-cart\"  title=\"Add to cart\"  data-id=\"1.13.272.2.1\" ><span class=\"\">13,60<\/span><div class=\"wppizza-article-size\">medium<\/div><\/li><li id=\"wppizza-1-13-272-2-2\" class=\"wppizza-article-price wppizza-article-price-2-2 wppizza-price-272-2 wppizza-add-to-cart\"  title=\"Add to cart\"  data-id=\"1.13.272.2.2\" ><span class=\"\">18,40<\/span><div class=\"wppizza-article-size\">large<\/div><\/li><\/ul><\/li><li class=\"wppizza-article-price-currency wppizza-article-price-left\">\u20ac<\/li><\/ul><\/div><p id=\"wppizza-article-content-272\" class=\"wppizza-article-content\">Mozzarella, ch\u00e8vre, miel, jambon de dinde<\/p><\/article><article id=\"post-273\" class=\"wppizza-article wppizza-article-responsive  wppizza-article-nos-pizzas-savoureuses wppizza-article-nos-pizzas-savoureuses-13 wppizza_menu-nos-pizzas-savoureuses wppizza_menu-term-13 entry-content post-273 wppizza type-wppizza status-publish hentry\"><h2 id=\"wppizza-article-1-13-273-2-0\" class=\"wppizza-article-h2\"><span class=\"wppizza-article-title\">Pizza country<\/span><\/h2><div id=\"wppizza-article-sizes-273\" class=\"wppizza-article-sizes wppizza-article-prices-2\"><ul><li id=\"wppizza-article-prices-273\" class=\"wppizza-article-prices\" ><ul><li id=\"wppizza-1-13-273-2-0\" class=\"wppizza-article-price wppizza-article-price-2-0 wppizza-price-273-0 wppizza-add-to-cart\"  title=\"Add to cart\"  data-id=\"1.13.273.2.0\" ><span class=\"\">9,00<\/span><div class=\"wppizza-article-size\">small<\/div><\/li><li id=\"wppizza-1-13-273-2-1\" class=\"wppizza-article-price wppizza-article-price-2-1 wppizza-price-273-1 wppizza-add-to-cart\"  title=\"Add to cart\"  data-id=\"1.13.273.2.1\" ><span class=\"\">13,60<\/span><div class=\"wppizza-article-size\">medium<\/div><\/li><li id=\"wppizza-1-13-273-2-2\" class=\"wppizza-article-price wppizza-article-price-2-2 wppizza-price-273-2 wppizza-add-to-cart\"  title=\"Add to cart\"  data-id=\"1.13.273.2.2\" ><span class=\"\">18,40<\/span><div class=\"wppizza-article-size\">large<\/div><\/li><\/ul><\/li><li class=\"wppizza-article-price-currency wppizza-article-price-left\">\u20ac<\/li><\/ul><\/div><p id=\"wppizza-article-content-273\" class=\"wppizza-article-content\"><strong>Base cr\u00e8me fra\u00eeche, fromage, viande hach\u00e9e, pommes de terre et olives.<\/strong><\/p><\/article><article id=\"post-274\" class=\"wppizza-article wppizza-article-responsive  wppizza-article-last wppizza-article-nos-pizzas-savoureuses wppizza-article-nos-pizzas-savoureuses-13 wppizza_menu-nos-pizzas-savoureuses wppizza_menu-term-13 entry-content post-274 wppizza type-wppizza status-publish hentry\"><h2 id=\"wppizza-article-1-13-274-2-0\" class=\"wppizza-article-h2\"><span class=\"wppizza-article-title\">Pizza chick' n cheese<\/span><\/h2><div id=\"wppizza-article-sizes-274\" class=\"wppizza-article-sizes wppizza-article-prices-2\"><ul><li id=\"wppizza-article-prices-274\" class=\"wppizza-article-prices\" ><ul><li id=\"wppizza-1-13-274-2-0\" class=\"wppizza-article-price wppizza-article-price-2-0 wppizza-price-274-0 wppizza-add-to-cart\"  title=\"Add to cart\"  data-id=\"1.13.274.2.0\" ><span class=\"\">9,00<\/span><div class=\"wppizza-article-size\">small<\/div><\/li><li id=\"wppizza-1-13-274-2-1\" class=\"wppizza-article-price wppizza-article-price-2-1 wppizza-price-274-1 wppizza-add-to-cart\"  title=\"Add to cart\"  data-id=\"1.13.274.2.1\" ><span class=\"\">13,60<\/span><div class=\"wppizza-article-size\">medium<\/div><\/li><li id=\"wppizza-1-13-274-2-2\" class=\"wppizza-article-price wppizza-article-price-2-2 wppizza-price-274-2 wppizza-add-to-cart\"  title=\"Add to cart\"  data-id=\"1.13.274.2.2\" ><span class=\"\">18,40<\/span><div class=\"wppizza-article-size\">large<\/div><\/li><\/ul><\/li><li class=\"wppizza-article-price-currency wppizza-article-price-left\">\u20ac<\/li><\/ul><\/div><p id=\"wppizza-article-content-274\" class=\"wppizza-article-content\"><strong>Base cr\u00e8me fra\u00eeche, mozzarella, \u00e9minc\u00e9 de poulet et tranches de cheddar.<\/strong><\/p><\/article>\n","protected":false},"excerpt":{"rendered":"","protected":false},"author":1,"featured_media":0,"parent":36,"menu_order":0,"comment_status":"closed","ping_status":"closed","template":"","meta":{"_regular_price":[],"currency_symbol":[],"_mbp_gutenberg_autopost":false,"footnotes":""},"class_list":["post-268","page","type-page","status-publish","hentry"],"post_slider_layout_featured_media_urls":{"thumbnail":"","post_slider_layout_landscape_large":"","post_slider_layout_portrait_large":"","post_slider_layout_square_large":"","post_slider_layout_landscape":"","post_slider_layout_portrait":"","post_slider_layout_square":"","full":""},"_links":{"self":[{"href":"http:\/\/pizzato.cluster023.hosting.ovh.net\/index.php\/wp-json\/wp\/v2\/pages\/268","targetHints":{"allow":["GET"]}}],"collection":[{"href":"http:\/\/pizzato.cluster023.hosting.ovh.net\/index.php\/wp-json\/wp\/v2\/pages"}],"about":[{"href":"http:\/\/pizzato.cluster023.hosting.ovh.net\/index.php\/wp-json\/wp\/v2\/types\/page"}],"author":[{"embeddable":true,"href":"http:\/\/pizzato.cluster023.hosting.ovh.net\/index.php\/wp-json\/wp\/v2\/users\/1"}],"replies":[{"embeddable":true,"href":"http:\/\/pizzato.cluster023.hosting.ovh.net\/index.php\/wp-json\/wp\/v2\/comments?post=268"}],"version-history":[{"count":1,"href":"http:\/\/pizzato.cluster023.hosting.ovh.net\/index.php\/wp-json\/wp\/v2\/pages\/268\/revisions"}],"predecessor-version":[{"id":269,"href":"http:\/\/pizzato.cluster023.hosting.ovh.net\/index.php\/wp-json\/wp\/v2\/pages\/268\/revisions\/269"}],"up":[{"embeddable":true,"href":"http:\/\/pizzato.cluster023.hosting.ovh.net\/index.php\/wp-json\/wp\/v2\/pages\/36"}],"wp:attachment":[{"href":"http:\/\/pizzato.cluster023.hosting.ovh.net\/index.php\/wp-json\/wp\/v2\/media?parent=268"}],"curies":[{"name":"wp","href":"https:\/\/api.w.org\/{rel}","templated":true}]}}